{"id":47,"date":"2022-10-10T16:27:12","date_gmt":"2022-10-10T14:27:12","guid":{"rendered":"http:\/\/emakawanago.fr\/?page_id=47"},"modified":"2023-06-23T11:25:53","modified_gmt":"2023-06-23T09:25:53","slug":"about","status":"publish","type":"page","link":"https:\/\/emakawanago.fr\/?page_id=47","title":{"rendered":"About"},"content":{"rendered":"\n<p>N\u00e9e au Japon, Je vis et travaille en Ile de France. J\u2019ai suivi un cursus universitaire scientifique au Japon puis en France. Apr\u00e8s l\u2019obtention d\u2019un Master Recherche au d\u00e9partement de Biologie, sp\u00e9cialis\u00e9 en Syst\u00e8mes \u00c9cologiques, \u00e0 l\u2019Universit\u00e9 Bordeaux I en 2008, je choisi d&#8217;orienter ma vie vers le monde de l\u2019art.<br>Comment se lier, se positionner, fonctionner dans son environnement ? J&#8217;ai d\u00e9velopp\u00e9 des recherches plastiques en m&#8217;appuyant sur la curiosit\u00e9 et la passion vers la science. J\u2019ai travaill\u00e9 de mani\u00e8re pluridisciplinaire au d\u00e9but de ma carri\u00e8re artistique, j\u2019ai pr\u00e9sent\u00e9 mes oeuvres en forme de vid\u00e9o, installations, peintures, ou photos, dessins.<br>J\u2019ai d\u00e9couvert le charme de l&#8217;estampe en pratiquant la technique de la photogravure en 2014. Les expressions dans la profondeur d\u20191mm, les actes de gravure, les empreintes de mes mondes, une si belle harmonie des encres et des papiers. Apr\u00e8s avoir \u00e9t\u00e9 fascin\u00e9e par le charme des estampes, j\u2019ai converti ma pratique pour cr\u00e9er principalement des estampes en taille douce.<\/p>\n\n\n\n<p><\/p>\n\n\n\n<p>EN<\/p>\n\n\n\n<p><em>Born in Japan, I live and work in Ile de France. I studied science at university in Japan and then in France. After obtaining a Research Master&#8217;s degree in Biology, specializing in Ecological Systems, at the University of Bordeaux I in 2008, I chose to orientate my life towards the art world.<br>How does one relate to, position and function in one&#8217;s environment? I developed my plastic research based on my curiosity and passion for science. I worked in a multidisciplinary way at the start of my artistic career, presenting my work in the form of videos, installations, paintings, photos and drawings.<br>I discovered the charm of printmaking by practicing the photoethching<\/em> <em>technique in 2014. The expressions in the depth of 1mm, the acts of engraving, the imprints of my worlds, such a beautiful harmony of inks and papers. After being fascinated by the charm of prints, I converted my practice to create mainly intaglio prints.<\/em><\/p>\n\n\n\n<p><\/p>\n\n\n\n<figure class=\"wp-block-gallery has-nested-images columns-default is-cropped wp-block-gallery-1 is-layout-flex wp-block-gallery-is-layout-flex\">\n<figure class=\"wp-block-image size-large is-style-rounded\"><img loading=\"lazy\" decoding=\"async\" width=\"688\" height=\"688\" data-id=\"57\" src=\"https:\/\/emakawanago.fr\/wp-content\/uploads\/2022\/10\/ema-kawanago.jpg\" alt=\"\" class=\"wp-image-57\" srcset=\"https:\/\/emakawanago.fr\/wp-content\/uploads\/2022\/10\/ema-kawanago.jpg 688w, https:\/\/emakawanago.fr\/wp-content\/uploads\/2022\/10\/ema-kawanago-300x300.jpg 300w, https:\/\/emakawanago.fr\/wp-content\/uploads\/2022\/10\/ema-kawanago-150x150.jpg 150w\" sizes=\"auto, (max-width: 688px) 100vw, 688px\" \/><\/figure>\n\n\n\n<figure class=\"wp-block-image size-large is-style-rounded\"><img loading=\"lazy\" decoding=\"async\" width=\"768\" height=\"1024\" data-id=\"60\" src=\"https:\/\/emakawanago.fr\/wp-content\/uploads\/2022\/10\/PXL_20220114_161816256-768x1024.jpg\" alt=\"\" class=\"wp-image-60\" srcset=\"https:\/\/emakawanago.fr\/wp-content\/uploads\/2022\/10\/PXL_20220114_161816256-768x1024.jpg 768w, https:\/\/emakawanago.fr\/wp-content\/uploads\/2022\/10\/PXL_20220114_161816256-225x300.jpg 225w, https:\/\/emakawanago.fr\/wp-content\/uploads\/2022\/10\/PXL_20220114_161816256-1152x1536.jpg 1152w, https:\/\/emakawanago.fr\/wp-content\/uploads\/2022\/10\/PXL_20220114_161816256-1536x2048.jpg 1536w, https:\/\/emakawanago.fr\/wp-content\/uploads\/2022\/10\/PXL_20220114_161816256-1568x2091.jpg 1568w, https:\/\/emakawanago.fr\/wp-content\/uploads\/2022\/10\/PXL_20220114_161816256-scaled.jpg 1920w\" sizes=\"auto, (max-width: 768px) 100vw, 768px\" \/><\/figure>\n<\/figure>\n\n\n\n<p><\/p>\n\n\n\n<p><\/p>\n\n\n\n<p><\/p>\n\n\n\n<p><strong>GALLRIES<\/strong><\/p>\n\n\n\n<p><\/p>\n\n\n\n<p>SLOW GALERIE, Paris 11 (France)<\/p>\n\n\n\n<p>IDF Gallery, Nagoya (Japon)<\/p>\n\n\n\n<p><\/p>\n\n\n\n<p><\/p>\n\n\n\n<p><strong>EXPOSITIONS PERSONNELLES<\/strong><\/p>\n\n\n\n<p><\/p>\n\n\n\n<p>2021 &nbsp;&nbsp; L\u00c9VITATION \/ IDF Galerie, Nagoya (Jp)<\/p>\n\n\n\n<p>L\u00c9VITATION \/ Matsuzakaya Nagoya, Nagoya (Jp)<\/p>\n\n\n\n<p>2015 &nbsp;&nbsp; SWING THE LINE \/ A-traits architecture&amp;design graphique, Bordeaux (Fr)<\/p>\n\n\n\n<p>MIND THE GAP\/ duo show, Japan Foundation New Delhi, New Delhi (India)<\/p>\n\n\n\n<p>2014&nbsp;&nbsp;&nbsp; DA-T\u00c9 MASK#2\/ L\u2019Agence cr\u00e9ative, Bordeaux (Fr)<\/p>\n\n\n\n<p>2014 &nbsp;&nbsp; DA-T\u00c9 MASK\/ Gallery Le m\u00e8tre Cube, Montignac (Fr)<\/p>\n\n\n\n<p>2013 &nbsp;&nbsp; Ema KAWANAGO\/ Festival de Les Femmes s\u2019en m\u00ealent, Bordeaux (Fr)<\/p>\n\n\n\n<p>2011 &nbsp;&nbsp; L\u2019Oiseau Bleu\/ Itinerart, Centrale7, La Pou\u00ebze(Fr)<\/p>\n\n\n\n<p><strong>EXPOSITIONS COLLECTIVES (EXTRAITS)<\/strong><\/p>\n\n\n\n<p>2023<strong>&nbsp;&nbsp;&nbsp; <\/strong>47<sup>\u00e8me<\/sup> Salon Art&amp;Mati\u00e8re, \u00ab&nbsp;Invit\u00e9 d\u2019honneur&nbsp;\u00bb, Gironville sur Essone (Fr)<\/p>\n\n\n\n<p>&nbsp;&nbsp;&nbsp;&nbsp;&nbsp;&nbsp;&nbsp;&nbsp;&nbsp;&nbsp;&nbsp; Art no chikara \/ Isetan Art gallery, Shinjuku (Jp)<\/p>\n\n\n\n<p>2022&nbsp;&nbsp;&nbsp; Art Mamire \/ Gallery Art Glorieux,Ginza Six, Ginza (Jp)<\/p>\n\n\n\n<p>&nbsp;&nbsp;&nbsp;&nbsp;&nbsp;&nbsp;&nbsp;&nbsp;&nbsp;&nbsp;&nbsp; Fine Art Collection \/ Matsuzakaya- Ueno (JP)<\/p>\n\n\n\n<p>&nbsp;&nbsp;&nbsp;&nbsp;&nbsp;&nbsp;&nbsp;&nbsp;&nbsp;&nbsp;&nbsp; Journ\u00e9es de l&#8217;Estampe contemporaine 2022, Paris (Fr)<\/p>\n\n\n\n<p>2021 &nbsp;&nbsp; Trois\/ Abe-Keishiro Gallery, Sendai (Jp)<\/p>\n\n\n\n<p>Iime Fukurame \/ Matsuzakaya-Tokyo, Tokyo (Japon)<\/p>\n\n\n\n<p>ART!ART!OSAKA \/ Daimaru-Umeda, Osaka(Jp)<\/p>\n\n\n\n<p>Iime Fukurame Ueno \/ Matsuzakaya Ueno , Tokyo(Japan)<\/p>\n\n\n\n<p>Journ\u00e9es de l&#8217;Estampe contemporaine 2021, Paris (Fr)<\/p>\n\n\n\n<p>2020&nbsp;&nbsp;&nbsp; Grandeur NATURE \/ Las\u00e9cu, Lille(Fr)<\/p>\n\n\n\n<p>Young competition Iime Fukurame, Nagoya (Japan)<\/p>\n\n\n\n<p>Journ\u00e9es de l&#8217;Estampe contemporaine 2020, Paris (Fr)<\/p>\n\n\n\n<p>2019&nbsp;&nbsp;&nbsp; Pr\u00e9sentation vitrine\/ Magasin Charbonnel, Paris (Fr)<\/p>\n\n\n\n<p>2018&nbsp;&nbsp;&nbsp; La deuxi\u00e8me Biennale internationale de l\u2019estampe de Dreux \/ Dreux (Fr)2016<\/p>\n\n\n\n<p>Le monde souterrain, Nuit Blanche \/ l&#8217;\u00e9cole 42, Paris(Fr)<\/p>\n\n\n\n<p>DRACULA SIMIA \/ La r\u00e9serve, Bordeaux(Fr)<\/p>\n\n\n\n<p>2015&nbsp;&nbsp;&nbsp; Il fallait mettre des choses dans ce vide \/ Atelier La R\u00e9serve, Bordeaux(Fr)<\/p>\n\n\n\n<p>Ancrage-F\u00eate de l\u2019estampe 2015 #3\/ Atelier La R\u00e9serve, Bordeaux (Fr)<\/p>\n\n\n\n<p>Sociale Animal\/ Alliance fran\u00e7aise, New Delhi(India)<\/p>\n\n\n\n<p>East-West Festival \/ Niv Art Centre, New Delhi (India)<\/p>\n\n\n\n<p>2014 &nbsp;&nbsp; Multi \/ TIN-BOX+Agence Cr\u00e9ative, Bordeaux(Fr)<\/p>\n\n\n\n<p>REFLECT WHAT YOU ARE (IN CASE YOU DON\u2019T KNOW)\/ 18 points de vue photgraphieque(s)#2, Bordeaux(Fr)<\/p>\n\n\n\n<p>2013 &nbsp;&nbsp; IN THE VOID\/ Crypt Gallery, London (United-kingdom)<\/p>\n\n\n\n<p>Jeune Cr\u00e9ation 2013(Karaok\u00e9 d\u2019artiste)\/ Le CENTQUATRE, Paris(Fr)<\/p>\n\n\n\n<p>GREEN RIOT + SYMBIOSIS\/ Le Hangar-Darwin-Ecosysteme, Bordeaux(Fr)<\/p>\n\n\n\n<p>GO WEST FESTIVAL 2013\/ G\u00fcne\u015f Theater, Frankfurt am Main (Germany)<\/p>\n\n\n\n<p><strong>ACQUISITION ET DIFFUSION PUBLIQUE \/PRIVEE<\/strong><\/p>\n\n\n\n<p>-Film Fran\u00e7ais \u201cL\u2019Homme Fid\u00e8le\u201d de Louis Garrel, France<\/p>\n\n\n\n<p>-M\u00e9diath\u00e8que Fran\u00e7ois Mitterrand, Pays D\u2019H\u00e9ricourt, France<\/p>\n\n\n\n<p>-Japan Foundation, New Delhi, INDE<\/p>\n\n\n\n<p>-Tinbox Artflox, Bordeaux, FRANCE<\/p>\n","protected":false},"excerpt":{"rendered":"<p>N\u00e9e au Japon, Je vis et travaille en Ile de France. J\u2019ai suivi un cursus universitaire scientifique au Japon puis en France. Apr\u00e8s l\u2019obtention d\u2019un Master Recherche au d\u00e9partement de Biologie, sp\u00e9cialis\u00e9 en Syst\u00e8mes \u00c9cologiques, \u00e0 l\u2019Universit\u00e9 Bordeaux I en 2008, je choisi d&#8217;orienter ma vie vers le monde de l\u2019art.Comment se lier, se positionner, [&hellip;]<\/p>\n","protected":false},"author":1,"featured_media":0,"parent":0,"menu_order":0,"comment_status":"closed","ping_status":"closed","template":"","meta":{"ngg_post_thumbnail":0,"footnotes":""},"class_list":["post-47","page","type-page","status-publish","hentry"],"_links":{"self":[{"href":"https:\/\/emakawanago.fr\/index.php?rest_route=\/wp\/v2\/pages\/47","targetHints":{"allow":["GET"]}}],"collection":[{"href":"https:\/\/emakawanago.fr\/index.php?rest_route=\/wp\/v2\/pages"}],"about":[{"href":"https:\/\/emakawanago.fr\/index.php?rest_route=\/wp\/v2\/types\/page"}],"author":[{"embeddable":true,"href":"https:\/\/emakawanago.fr\/index.php?rest_route=\/wp\/v2\/users\/1"}],"replies":[{"embeddable":true,"href":"https:\/\/emakawanago.fr\/index.php?rest_route=%2Fwp%2Fv2%2Fcomments&post=47"}],"version-history":[{"count":6,"href":"https:\/\/emakawanago.fr\/index.php?rest_route=\/wp\/v2\/pages\/47\/revisions"}],"predecessor-version":[{"id":251,"href":"https:\/\/emakawanago.fr\/index.php?rest_route=\/wp\/v2\/pages\/47\/revisions\/251"}],"wp:attachment":[{"href":"https:\/\/emakawanago.fr\/index.php?rest_route=%2Fwp%2Fv2%2Fmedia&parent=47"}],"curies":[{"name":"wp","href":"https:\/\/api.w.org\/{rel}","templated":true}]}}